{"id":100218,"date":"2023-01-31T11:37:32","date_gmt":"2023-01-31T10:37:32","guid":{"rendered":"http:\/\/inter-log.pl\/?page_id=100218"},"modified":"2023-02-18T14:02:07","modified_gmt":"2023-02-18T13:02:07","slug":"grupa","status":"publish","type":"page","link":"https:\/\/inter-log.pl\/de\/grupa\/","title":{"rendered":"Gruppe"},"content":{"rendered":"<p>[et_pb_section fb_built=&#8221;1&#8243; module_class=&#8221;dct_plx&#8221; _builder_version=&#8221;4.14.7&#8243; _module_preset=&#8221;default&#8221; background_color=&#8221;rgba(0,0,0,0.66)&#8221; background_image=&#8221;http:\/\/inter-log.pl\/wp-content\/uploads\/2023\/02\/IMG_1357.jpg&#8221; background_blend=&#8221;darken&#8221; custom_padding=&#8221;0px||0px||true|false&#8221; hover_enabled=&#8221;0&#8243; locked=&#8221;off&#8221; global_colors_info=&#8221;{}&#8221; title_text=&#8221;IMG_1357&#8243; sticky_enabled=&#8221;0&#8243;][et_pb_row custom_padding_last_edited=&#8221;on|tablet&#8221; _builder_version=&#8221;4.14.7&#8243; _module_preset=&#8221;default&#8221; custom_padding=&#8221;100px||100px||false|false&#8221; custom_padding_tablet=&#8221;30px||30px||true|false&#8221; custom_padding_phone=&#8221;&#8221; global_colors_info=&#8221;{}&#8221;][et_pb_column type=&#8221;4_4&#8243; _builder_version=&#8221;4.5.8&#8243; _module_preset=&#8221;default&#8221; global_colors_info=&#8221;{}&#8221;][et_pb_text _builder_version=&#8221;4.14.7&#8243; _dynamic_attributes=&#8221;content&#8221; _module_preset=&#8221;default&#8221; text_font=&#8221;|700||on|||||&#8221; text_text_color=&#8221;#ffffff&#8221; text_font_size=&#8221;35px&#8221; text_letter_spacing=&#8221;1px&#8221; positioning=&#8221;relative&#8221; custom_margin=&#8221;||20px|15px|false|false&#8221; custom_padding=&#8221;10px||19px||false|false&#8221; text_font_size_tablet=&#8221;30px&#8221; text_font_size_phone=&#8221;25px&#8221; text_font_size_last_edited=&#8221;on|tablet&#8221; text_orientation_tablet=&#8221;center&#8221; text_orientation_phone=&#8221;&#8221; text_orientation_last_edited=&#8221;on|tablet&#8221; custom_css_after=&#8221;content: &#8221;;||background: var(&#8211;color-1);||width: 50px;||height: 2px;||position: absolute;||bottom: 0;||left: 0;&#8221; global_colors_info=&#8221;{}&#8221; custom_css_after_last_edited=&#8221;on|tablet&#8221; custom_css_after_tablet=&#8221;content: &#8221;;||background: var(&#8211;color-1);||width: 50px;||height: 2px;||position: absolute;||bottom: 0;||left: 50%;||transform: translateX(-50%);&#8221; custom_css_after_phone=&#8221;content: &#8221;;||background: var(&#8211;color-1);||width: 50px;||height: 2px;||position: absolute;||bottom: 0;||left: 50%;||transform: translateX(-50%);&#8221;]@ET-DC@eyJkeW5hbWljIjp0cnVlLCJjb250ZW50IjoicG9zdF90aXRsZSIsInNldHRpbmdzIjp7ImJlZm9yZSI6IiIsImFmdGVyIjoiIn19@[\/et_pb_text][\/et_pb_column][\/et_pb_row][et_pb_row use_custom_gutter=&#8221;on&#8221; gutter_width=&#8221;2&#8243; _builder_version=&#8221;4.5.8&#8243; _module_preset=&#8221;default&#8221; background_color=&#8221;rgba(0,0,0,0.27)&#8221; width_tablet=&#8221;80%&#8221; width_last_edited=&#8221;off|desktop&#8221; max_width_tablet=&#8221;1080px&#8221; max_width_phone=&#8221;&#8221; max_width_last_edited=&#8221;on|tablet&#8221; custom_padding=&#8221;15px||15px|20px|true|false&#8221; border_radii=&#8221;off|10px|10px||&#8221; global_colors_info=&#8221;{}&#8221;][et_pb_column type=&#8221;4_4&#8243; _builder_version=&#8221;4.5.8&#8243; _module_preset=&#8221;default&#8221; global_colors_info=&#8221;{}&#8221;][et_pb_blurb title=&#8221;Home&#8221; url=&#8221;@ET-DC@eyJkeW5hbWljIjp0cnVlLCJjb250ZW50IjoiaG9tZV91cmwiLCJzZXR0aW5ncyI6e319@&#8221; content_max_width=&#8221;100%&#8221; module_class=&#8221;dct_page_title&#8221; _builder_version=&#8221;4.13.0&#8243; _dynamic_attributes=&#8221;content,url&#8221; _module_preset=&#8221;default&#8221; header_font=&#8221;||||||||&#8221; header_text_color=&#8221;#ffffff&#8221; header_font_size=&#8221;16px&#8221; body_font=&#8221;||||||||&#8221; header_text_align_last_edited=&#8221;off|tablet&#8221; text_orientation_tablet=&#8221;center&#8221; text_orientation_last_edited=&#8221;off|desktop&#8221; custom_css_blurb_title=&#8221;float:left;&#8221; global_colors_info=&#8221;{}&#8221;]@ET-DC@eyJkeW5hbWljIjp0cnVlLCJjb250ZW50IjoicG9zdF90aXRsZSIsInNldHRpbmdzIjp7ImJlZm9yZSI6IiIsImFmdGVyIjoiIn19@[\/et_pb_blurb][\/et_pb_column][\/et_pb_row][\/et_pb_section][et_pb_section fb_built=&#8221;1&#8243; custom_padding_last_edited=&#8221;on|tablet&#8221; _builder_version=&#8221;4.7.7&#8243; _module_preset=&#8221;default&#8221; custom_padding=&#8221;||0px|||&#8221; custom_padding_tablet=&#8221;20px||0px||false|false&#8221; custom_padding_phone=&#8221;&#8221; global_colors_info=&#8221;{}&#8221;][et_pb_row _builder_version=&#8221;4.5.8&#8243; _module_preset=&#8221;default&#8221; custom_padding=&#8221;||72px|||&#8221; global_colors_info=&#8221;{}&#8221;][et_pb_column type=&#8221;4_4&#8243; _builder_version=&#8221;4.5.8&#8243; _module_preset=&#8221;default&#8221; global_colors_info=&#8221;{}&#8221;][et_pb_text _builder_version=&#8221;4.14.7&#8243; _module_preset=&#8221;default&#8221; text_font=&#8221;|700|||||||&#8221; text_font_size=&#8221;30px&#8221; text_line_height=&#8221;30px&#8221; text_orientation=&#8221;center&#8221; custom_margin_tablet=&#8221;||10px||false|false&#8221; custom_margin_phone=&#8221;&#8221; custom_margin_last_edited=&#8221;on|tablet&#8221; text_font_size_tablet=&#8221;22px&#8221; text_font_size_phone=&#8221;&#8221; text_font_size_last_edited=&#8221;on|tablet&#8221; custom_css_main_element=&#8221;color:var(&#8211;color-2);&#8221; global_colors_info=&#8221;{}&#8221;]<\/p>\n<p>InterLog Group<\/p>\n<p>[\/et_pb_text][et_pb_blurb use_icon=&#8221;on&#8221; font_icon=&#8221;&#xe090;||divi||400&#8243; icon_color=&#8221;#0693e3&#8243; module_class=&#8221;dct_call_line&#8221; _builder_version=&#8221;4.14.7&#8243; _module_preset=&#8221;default&#8221; body_font_size=&#8221;22px&#8221; body_letter_spacing=&#8221;1px&#8221; text_orientation=&#8221;center&#8221; animation=&#8221;off&#8221; body_font_size_tablet=&#8221;18px&#8221; body_font_size_phone=&#8221;&#8221; body_font_size_last_edited=&#8221;on|tablet&#8221; global_colors_info=&#8221;{}&#8221;]<\/p>\n<p><a href=\"tel:+48500376621\"><strong>500 376 621<\/strong><\/a><\/p>\n<p>[\/et_pb_blurb][\/et_pb_column][\/et_pb_row][\/et_pb_section][et_pb_section fb_built=&#8221;1&#8243; custom_padding_last_edited=&#8221;on|tablet&#8221; _builder_version=&#8221;4.7.7&#8243; _module_preset=&#8221;default&#8221; custom_padding=&#8221;13px|||||&#8221; custom_padding_tablet=&#8221;0px||||false|false&#8221; custom_padding_phone=&#8221;&#8221; global_colors_info=&#8221;{}&#8221;][et_pb_row column_structure=&#8221;2_5,3_5&#8243; use_custom_gutter=&#8221;on&#8221; gutter_width=&#8221;2&#8243; make_equal=&#8221;on&#8221; custom_padding_last_edited=&#8221;on|tablet&#8221; _builder_version=&#8221;4.7.7&#8243; _module_preset=&#8221;default&#8221; custom_padding_tablet=&#8221;0px||||false|false&#8221; custom_padding_phone=&#8221;&#8221; global_colors_info=&#8221;{}&#8221;][et_pb_column type=&#8221;2_5&#8243; _builder_version=&#8221;4.7.7&#8243; _module_preset=&#8221;default&#8221; global_colors_info=&#8221;{}&#8221;][et_pb_image src=&#8221;http:\/\/inter-log.pl\/wp-content\/uploads\/2023\/02\/IMG_1353.jpg&#8221; title_text=&#8221;IMG_1353&#8243; _builder_version=&#8221;4.14.7&#8243; _module_preset=&#8221;default&#8221; global_colors_info=&#8221;{}&#8221;][\/et_pb_image][\/et_pb_column][et_pb_column type=&#8221;3_5&#8243; _builder_version=&#8221;4.7.7&#8243; _module_preset=&#8221;default&#8221; global_colors_info=&#8221;{}&#8221;][et_pb_blurb title=&#8221;InterLog Group&#8221; content_max_width=&#8221;100%&#8221; _builder_version=&#8221;4.14.7&#8243; _module_preset=&#8221;default&#8221; header_font=&#8221;|600||on|||||&#8221; header_font_size=&#8221;15px&#8221; header_letter_spacing=&#8221;1px&#8221; body_font=&#8221;|700||on|||||&#8221; body_text_color=&#8221;#333333&#8243; body_font_size=&#8221;28px&#8221; body_letter_spacing=&#8221;1px&#8221; custom_margin=&#8221;||20px||false|false&#8221; custom_margin_tablet=&#8221;||15px||false|false&#8221; custom_margin_phone=&#8221;&#8221; custom_margin_last_edited=&#8221;on|desktop&#8221; body_font_size_tablet=&#8221;&#8221; body_font_size_phone=&#8221;22px&#8221; body_font_size_last_edited=&#8221;on|phone&#8221; custom_css_blurb_title=&#8221;color:var(&#8211;color-1);&#8221; global_colors_info=&#8221;{}&#8221;]<\/p>\n<p>12 Jahre Erfahrung<\/p>\n<p>[\/et_pb_blurb][et_pb_divider module_class=&#8221;dct_divider &#8221; _builder_version=&#8221;4.5.8&#8243; _module_preset=&#8221;default&#8221; custom_margin=&#8221;||20px||false|false&#8221; global_colors_info=&#8221;{}&#8221;][\/et_pb_divider][et_pb_text _builder_version=&#8221;4.14.7&#8243; _module_preset=&#8221;default&#8221; text_font_size=&#8221;15px&#8221; text_line_height=&#8221;30px&#8221; global_colors_info=&#8221;{}&#8221;]Grupa dzia\u0142a na rynku us\u0142ug transportowo-spedycyjnych oraz zajmuje si\u0119 handlem u\u017cywanych maszyn rolniczych, budowlanych, naczep i ci\u0105gnik\u00f3w samochodowych. Na pocz\u0105tku dzia\u0142alno\u015bci skupia\u0142a si\u0119 wy\u0142\u0105cznie na obs\u0142udze spedycyjnej, lecz wraz z zapotrzebowaniem na us\u0142ugi firmy zosta\u0142y powo\u0142ane kolejne firmy, kt\u00f3re wspomagaj\u0105 dzia\u0142alno\u015b\u0107 ca\u0142ej grupy.[\/et_pb_text][et_pb_text _builder_version=&#8221;4.14.7&#8243; _module_preset=&#8221;default&#8221; text_font_size=&#8221;15px&#8221; text_line_height=&#8221;30px&#8221; global_colors_info=&#8221;{}&#8221;]<\/p>\n<p>Die Gesellschaft wurde 2011 gegr\u00fcndet und befasst sich von Anfang an mit der Spedition und dem Transport in Inland und Ausland. Sie bietet Dienstleistungen von hoher Qualit\u00e4t an, die heutzutage von unseren Kunden sehr hoch gesch\u00e4tzt werden.<\/p>\n<p>Die T\u00e4tigkeit des Unternehmens konzentriert sich auf dem Transport \u00fcbernormativer Ladungen in Polen und der EU. Mit Erfolg wirkt die T\u00e4tigkeit des Unternehmens mit dem schrittweiser Vergr\u00f6\u00dferung des Fuhrparks um neue Autos und spezielle Auflieger. Von Jahr zu Jahr vergr\u00f6\u00dfern wir das Volumen der zur\u00fcckgelegten Kilometer und realisierter Transportauftr\u00e4ge. Das Unternehmen organisiert selbst s\u00e4mtliche Genehmigungen und Bewilligungen, die f\u00fcr \u00fcbernormative Transporte in Polen und der EU erforderlich sind.<\/p>\n<p>[\/et_pb_text][\/et_pb_column][\/et_pb_row][et_pb_row column_structure=&#8221;1_2,1_2&#8243; use_custom_gutter=&#8221;on&#8221; gutter_width=&#8221;2&#8243; make_equal=&#8221;on&#8221; custom_padding_last_edited=&#8221;on|tablet&#8221; _builder_version=&#8221;4.14.7&#8243; _module_preset=&#8221;default&#8221; custom_padding_tablet=&#8221;0px||||false|false&#8221; custom_padding_phone=&#8221;&#8221; global_colors_info=&#8221;{}&#8221;][et_pb_column type=&#8221;1_2&#8243; _builder_version=&#8221;4.7.7&#8243; _module_preset=&#8221;default&#8221; global_colors_info=&#8221;{}&#8221;][et_pb_text _builder_version=&#8221;4.14.7&#8243; _module_preset=&#8221;default&#8221; text_font_size=&#8221;15px&#8221; text_line_height=&#8221;30px&#8221; global_colors_info=&#8221;{}&#8221;]<\/p>\n<p>Das Unternehmen organisiert selbst s\u00e4mtliche Genehmigungen und Bewilligungen, die f\u00fcr \u00fcbernormative Transporte in Polen und der EU erforderlich sind.<\/p>\n<p>Das Unternehmen spezialisiert sich im Import und Export gebrauchter Landwirtschaftsmaschinen, Baumaschinen und Sattelschlepper und Auflieger \u2013 jedes Jahr wird das Verkaufsvolumen dank der Zusammenarbeit mit Unternehmen aus ganz Europa gesteigert. Wegen dem fortschreitenden Austausch des Fuhrparks in der Gruppe ist die Notwendigkeit entstanden, ein Unternehmen zu gr\u00fcnden, das sich mit dem Verkauf der Fahrzeuge besch\u00e4ftigt.<\/p>\n<p>[\/et_pb_text][\/et_pb_column][et_pb_column type=&#8221;1_2&#8243; _builder_version=&#8221;4.14.7&#8243; _module_preset=&#8221;default&#8221; global_colors_info=&#8221;{}&#8221;][et_pb_image src=&#8221;http:\/\/inter-log.pl\/wp-content\/uploads\/2023\/02\/7-2.jpg&#8221; title_text=&#8221;7-2&#8243; _builder_version=&#8221;4.14.7&#8243; _module_preset=&#8221;default&#8221; global_colors_info=&#8221;{}&#8221;][\/et_pb_image][\/et_pb_column][\/et_pb_row][\/et_pb_section]<\/p>","protected":false},"excerpt":{"rendered":"<p>InterLog Group500 376 62112 lat do\u015bwiadczeniaGrupa dzia\u0142a na rynku us\u0142ug transportowo-spedycyjnych oraz zajmuje si\u0119 handlem u\u017cywanych maszyn rolniczych, budowlanych, naczep i ci\u0105gnik\u00f3w samochodowych. Na pocz\u0105tku dzia\u0142alno\u015bci skupia\u0142a si\u0119 wy\u0142\u0105cznie na obs\u0142udze spedycyjnej, lecz wraz z zapotrzebowaniem na us\u0142ugi firmy zosta\u0142y powo\u0142ane kolejne firmy, kt\u00f3re wspomagaj\u0105 dzia\u0142alno\u015b\u0107 ca\u0142ej grupy.Sp\u00f3\u0142ka powsta\u0142a w 2011 roku \u2013 od samego [&hellip;]<\/p>","protected":false},"author":2,"featured_media":0,"parent":0,"menu_order":0,"comment_status":"closed","ping_status":"closed","template":"","meta":{"_et_pb_use_builder":"on","_et_pb_old_content":"","_et_gb_content_width":"","footnotes":""},"class_list":["post-100218","page","type-page","status-publish","hentry"],"_links":{"self":[{"href":"https:\/\/inter-log.pl\/de\/wp-json\/wp\/v2\/pages\/100218","targetHints":{"allow":["GET"]}}],"collection":[{"href":"https:\/\/inter-log.pl\/de\/wp-json\/wp\/v2\/pages"}],"about":[{"href":"https:\/\/inter-log.pl\/de\/wp-json\/wp\/v2\/types\/page"}],"author":[{"embeddable":true,"href":"https:\/\/inter-log.pl\/de\/wp-json\/wp\/v2\/users\/2"}],"replies":[{"embeddable":true,"href":"https:\/\/inter-log.pl\/de\/wp-json\/wp\/v2\/comments?post=100218"}],"version-history":[{"count":12,"href":"https:\/\/inter-log.pl\/de\/wp-json\/wp\/v2\/pages\/100218\/revisions"}],"predecessor-version":[{"id":100662,"href":"https:\/\/inter-log.pl\/de\/wp-json\/wp\/v2\/pages\/100218\/revisions\/100662"}],"wp:attachment":[{"href":"https:\/\/inter-log.pl\/de\/wp-json\/wp\/v2\/media?parent=100218"}],"curies":[{"name":"wp","href":"https:\/\/api.w.org\/{rel}","templated":true}]}}