{"id":100822,"date":"2023-08-04T10:19:24","date_gmt":"2023-08-04T08:19:24","guid":{"rendered":"https:\/\/inter-log.pl\/?page_id=100822"},"modified":"2024-01-23T10:30:23","modified_gmt":"2024-01-23T09:30:23","slug":"warunki-zlecenia-transportowego","status":"publish","type":"page","link":"https:\/\/inter-log.pl\/en\/warunki-zlecenia-transportowego\/","title":{"rendered":"Warunki zlecenia transportowego"},"content":{"rendered":"<p>[et_pb_section fb_built=&#8221;1&#8243; module_class=&#8221;dct_plx&#8221; _builder_version=&#8221;4.14.7&#8243; _module_preset=&#8221;default&#8221; background_color=&#8221;rgba(0,0,0,0.66)&#8221; background_image=&#8221;https:\/\/inter-log.pl\/wp-content\/uploads\/2023\/02\/highway-g05b4243a8_1920-1.jpg&#8221; background_blend=&#8221;darken&#8221; custom_padding=&#8221;0px||0px||true|false&#8221; locked=&#8221;off&#8221; global_colors_info=&#8221;{}&#8221;][et_pb_row custom_padding_last_edited=&#8221;on|tablet&#8221; _builder_version=&#8221;4.14.7&#8243; _module_preset=&#8221;default&#8221; custom_padding=&#8221;100px||100px||false|false&#8221; custom_padding_tablet=&#8221;30px||30px||true|false&#8221; custom_padding_phone=&#8221;&#8221; global_colors_info=&#8221;{}&#8221;][et_pb_column type=&#8221;4_4&#8243; _builder_version=&#8221;4.5.8&#8243; _module_preset=&#8221;default&#8221; global_colors_info=&#8221;{}&#8221;][et_pb_text _builder_version=&#8221;4.14.7&#8243; _dynamic_attributes=&#8221;content&#8221; _module_preset=&#8221;default&#8221; text_font=&#8221;|700||on|||||&#8221; text_text_color=&#8221;#ffffff&#8221; text_font_size=&#8221;35px&#8221; text_letter_spacing=&#8221;1px&#8221; positioning=&#8221;relative&#8221; custom_margin=&#8221;||20px|15px|false|false&#8221; custom_padding=&#8221;10px||19px||false|false&#8221; text_font_size_tablet=&#8221;30px&#8221; text_font_size_phone=&#8221;25px&#8221; text_font_size_last_edited=&#8221;on|tablet&#8221; text_orientation_tablet=&#8221;center&#8221; text_orientation_phone=&#8221;&#8221; text_orientation_last_edited=&#8221;on|tablet&#8221; custom_css_after=&#8221;content: &#8221;;||background: var(&#8211;color-1);||width: 50px;||height: 2px;||position: absolute;||bottom: 0;||left: 0;&#8221; global_colors_info=&#8221;{}&#8221; custom_css_after_last_edited=&#8221;on|tablet&#8221; custom_css_after_tablet=&#8221;content: &#8221;;||background: var(&#8211;color-1);||width: 50px;||height: 2px;||position: absolute;||bottom: 0;||left: 50%;||transform: translateX(-50%);&#8221; custom_css_after_phone=&#8221;content: &#8221;;||background: var(&#8211;color-1);||width: 50px;||height: 2px;||position: absolute;||bottom: 0;||left: 50%;||transform: translateX(-50%);&#8221;]@ET-DC@eyJkeW5hbWljIjp0cnVlLCJjb250ZW50IjoicG9zdF90aXRsZSIsInNldHRpbmdzIjp7ImJlZm9yZSI6IiIsImFmdGVyIjoiIn19@[\/et_pb_text][\/et_pb_column][\/et_pb_row][et_pb_row use_custom_gutter=&#8221;on&#8221; gutter_width=&#8221;2&#8243; _builder_version=&#8221;4.5.8&#8243; _module_preset=&#8221;default&#8221; background_color=&#8221;rgba(0,0,0,0.27)&#8221; width_tablet=&#8221;80%&#8221; width_last_edited=&#8221;off|desktop&#8221; max_width_tablet=&#8221;1080px&#8221; max_width_phone=&#8221;&#8221; max_width_last_edited=&#8221;on|tablet&#8221; custom_padding=&#8221;15px||15px|20px|true|false&#8221; border_radii=&#8221;off|10px|10px||&#8221; global_colors_info=&#8221;{}&#8221;][et_pb_column type=&#8221;4_4&#8243; _builder_version=&#8221;4.5.8&#8243; _module_preset=&#8221;default&#8221; global_colors_info=&#8221;{}&#8221;][et_pb_blurb title=&#8221;Home&#8221; url=&#8221;@ET-DC@eyJkeW5hbWljIjp0cnVlLCJjb250ZW50IjoiaG9tZV91cmwiLCJzZXR0aW5ncyI6e319@&#8221; content_max_width=&#8221;100%&#8221; module_class=&#8221;dct_page_title&#8221; _builder_version=&#8221;4.13.0&#8243; _dynamic_attributes=&#8221;content,url&#8221; _module_preset=&#8221;default&#8221; header_font=&#8221;||||||||&#8221; header_text_color=&#8221;#ffffff&#8221; header_font_size=&#8221;16px&#8221; body_font=&#8221;||||||||&#8221; header_text_align_last_edited=&#8221;off|tablet&#8221; text_orientation_tablet=&#8221;center&#8221; text_orientation_last_edited=&#8221;off|desktop&#8221; custom_css_blurb_title=&#8221;float:left;&#8221; global_colors_info=&#8221;{}&#8221;]@ET-DC@eyJkeW5hbWljIjp0cnVlLCJjb250ZW50IjoicG9zdF90aXRsZSIsInNldHRpbmdzIjp7ImJlZm9yZSI6IiIsImFmdGVyIjoiIn19@[\/et_pb_blurb][\/et_pb_column][\/et_pb_row][\/et_pb_section][et_pb_section fb_built=&#8221;1&#8243; _builder_version=&#8221;4.14.7&#8243; _module_preset=&#8221;default&#8221; global_colors_info=&#8221;{}&#8221;][et_pb_row _builder_version=&#8221;4.14.7&#8243; _module_preset=&#8221;default&#8221; global_colors_info=&#8221;{}&#8221;][et_pb_column type=&#8221;4_4&#8243; _builder_version=&#8221;4.14.7&#8243; _module_preset=&#8221;default&#8221; global_colors_info=&#8221;{}&#8221;][et_pb_text _builder_version=&#8221;4.14.7&#8243; _module_preset=&#8221;default&#8221; custom_margin=&#8221;50px||50px||false|false&#8221; hover_enabled=&#8221;0&#8243; global_colors_info=&#8221;{}&#8221; sticky_enabled=&#8221;0&#8243;]<\/p>\n<p style=\"text-align: center;\"><strong>\u00a7 1<\/strong><\/p>\n<p>Niniejszym zleceniem Zleceniodawca zleca, a Zleceniobiorca zobowi\u0105zuje si\u0119 do wykonywania na rzecz Zleceniodawcy us\u0142ug opisanych na wst\u0119pie zlecenia zwanych dalej ,,us\u0142ugami\u201d.<\/p>\n<p style=\"text-align: center;\"><strong>\u00a7 2<\/strong><\/p>\n<p>1. Zleceniodawca nie ponosi odpowiedzialno\u015bci za szkod\u0119 powsta\u0142\u0105 w skutek op\u00f3\u017anienia w za\u0142adunku lub roz\u0142adunku towaru, je\u017celi czas op\u00f3\u017anienia nie przekracza 48 godzin oraz zaczas op\u00f3\u017anienia przypadaj\u0105cy w dni uznane ustawowo za dni wolne od pracy, a tak\u017ce w soboty i w niedziele.<\/p>\n<p>2. Zleceniodawca nie ponosi odpowiedzialno\u015bci za szkod\u0119 wyrz\u0105dzon\u0105 przerw\u0105 w przewozie nie przekraczaj\u0105c\u0105 48 godzin powsta\u0142\u0105 w skutek okoliczno\u015bci niezawinionych przez Zleceniodawc\u0119 oraz przerw\u0105 przypadaj\u0105c\u0105 w dni uznane ustawowo za dni wolne od pracy, a tak\u017ce w soboty i w niedziele.<\/p>\n<p>3. W przypadku nie podstawienia pod za\u0142adunek przez Zleceniobiorc\u0119 pojazdu we wskazanym w zleceniu miejscu i czasie, Zleceniodawca ma prawo zleci\u0107 wykonanie niniejszej umowy innemu podmiotowi i obci\u0105\u017cy\u0107 kosztami jej wykonania Zleceniobiorc\u0119 lub obci\u0105\u017cy\u0107 Zleceniobiorc\u0119 kar\u0105 umown\u0105 okre\u015blon\u0105 w \u00a7 5 ust. 1 c\/.<\/p>\n<p style=\"text-align: center;\"><strong>\u00a7 3.<\/strong><\/p>\n<p>Zleceniobiorca zobowi\u0105zany jest:<\/p>\n<p>1. podstawi\u0107 pojazd gotowy do za\u0142adunku w miejscu i o czasie wskazanym w zleceniu,<\/p>\n<p>2. wykona\u0107 przew\u00f3z towaru \u015brodkiem transportu samochodowego przystosowanym do w\u0142a\u015bciwo\u015bci towaru,<\/p>\n<p>3. posiada\u0107 potwierdzone polis\u0105 ubezpieczenie od odpowiedzialno\u015bci cywilnej w zakresie prowadzonej dzia\u0142alno\u015bci zwi\u0105zanej z wykonaniem niniejszej umowy na sum\u0119 gwarancyjn\u0105 w wysoko\u015bci odpowiadaj\u0105cej co najmniej warto\u015bci przesy\u0142ki,<\/p>\n<p>4. od chwili przyj\u0119cia przesy\u0142ki do chwili jej wydania odbiorcy sprawowa\u0107 opiek\u0119 nad przesy\u0142k\u0105 w taki spos\u00f3b, aby nie dosz\u0142o do jej utraty, ubytku lub uszkodzenia,<\/p>\n<p>5. przez ca\u0142y czas przewozu by\u0107 dost\u0119pny wskazanym przez siebie numerem telefonu<\/p>\n<p>6. informowa\u0107 Zleceniodawc\u0119 o lokalizacji przesy\u0142ki i o przebiegu wykonywania us\u0142ug na ka\u017cde \u017c\u0105danie Zleceniodawcy oraz o ka\u017cdej przeszkodzie, kt\u00f3ra mo\u017ce spowodowa\u0107 op\u00f3\u017anienie w przewozie, utrat\u0119, ubytek lub uszkodzenie przesy\u0142ki,<\/p>\n<p>7. uczestniczy\u0107 w roz\u0142adunku towaru i sprawdzi\u0107 zgodno\u015b\u0107 dostarczonego towaru z dokumentami (co do ilo\u015bci sztuk, wagi, rodzaju towaru, jego cech i numer\u00f3w, stanu towaru i jego opakowania), a w przypadku stwierdzonych niezgodno\u015bci, zobowi\u0105zany jest niezw\u0142ocznie zawiadomi\u0107 o nich Zleceniodawc\u0119,<\/p>\n<p>8. dostarczy\u0107 Zleceniodawcy komplet dokument\u00f3w przewozowych, w szczeg\u00f3lno\u015bci list przewozowy nie p\u00f3\u017aniej ni\u017c w terminie 14 dni od dnia wykonania umowy,<\/p>\n<p>9. w czasie trwania umowy, a tak\u017ce po jej wykonaniu b\u0105d\u017a wyga\u015bni\u0119ciu, do zachowania w \u015bcis\u0142ej poufno\u015bci wszystkich informacji o Zleceniodawcy oraz o jego klientach, osobach i jednostkach na rzecz kt\u00f3rych Zleceniodawca wykonuje us\u0142ugi przewozu i spedycji oraz wszelkich innych informacji uzyskanych w wyniku realizacji niniejszej umowy,<\/p>\n<p>10. pouczy\u0107 o obowi\u0105zku zachowania w \u015bcis\u0142ej poufno\u015bci informacji okre\u015blonych w ust. 9 i zobowi\u0105za\u0107 do jego przestrzegania swoich pracownik\u00f3w oraz wszystkie inne osoby, kt\u00f3rymi Zleceniobiorca pos\u0142uguje si\u0119 przy realizacji niniejszej umowy,<\/p>\n<p>11. nie nak\u0142ania\u0107 kontrahent\u00f3w Zleceniodawcy do rozwi\u0105zania z nim umowy, nie zawierania z nim w przysz\u0142o\u015bci um\u00f3w albo niewykonania lub nienale\u017cytego wykonania umowy.<\/p>\n<p>12. Zleceniobiorca ma zakaz prze\u0142adunku przewo\u017conych towar\u00f3w na inny \u015brodek transportu bez wiedzy Zleceniodawcy. Prze\u0142adunek mo\u017ce nast\u0105pi\u0107 wy\u0142\u0105cznie za pisemn\u0105 zgod\u0105 Zleceniodawcy oraz na ustalonych warunkach.<\/p>\n<p style=\"text-align: center;\"><strong>\u00a7 4.<\/strong><\/p>\n<p>1. Zleceniodawca zobowi\u0105zuje si\u0119 zap\u0142aci\u0107 Zleceniobiorcy kwot\u0119 okre\u015blon\u0105 na wst\u0119pie zlecenia tytu\u0142em wynagrodzenia (frachtu) za wykonanie niniejszej umowy, zwanego dalej ,,wynagrodzeniem&#8221; na rachunek bankowy Zleceniobiorcy wskazany przez niego w fakturze VAT.<\/p>\n<p>2. Wynagrodzenie b\u0119dzie p\u0142atne w terminie okre\u015blonym na wst\u0119pie zlecenia (termin p\u0142atno\u015bci liczony jest wy\u0142\u0105cznie na podstawie dni roboczych &#8211; dni robocze nie obejmuj\u0105 \u015bwi\u0105t, sobot i niedziel oraz innych dni ustawowo wolnych od pracy) po dor\u0119czeniu Zleceniodawcy przez Zleceniobiorc\u0119 prawid\u0142owo wystawionej faktury VAT i po spe\u0142nieniu nast\u0119puj\u0105cych warunk\u00f3w:<\/p>\n<p>a\/ wystawieniu przez Zleceniobiorc\u0119 faktury VAT w nast\u0119puj\u0105cy spos\u00f3b: w fakturze nale\u017cy poda\u0107 numer i dat\u0119 zlecenia, stawk\u0119 za fracht w obcej walucie je\u017celi jest okre\u015blona w zleceniu, przy czym stawk\u0119 za fracht w obcej walucie nale\u017cy przeliczy\u0107 wed\u0142ug kursu \u015bredniego tej waluty obcej og\u0142oszonego przez Narodowy Bank Polski w dniu za\u0142adunku,<\/p>\n<p>b\/ dostarczeniu przez Zleceniobiorc\u0119 Zleceniodawcy wraz z faktur\u0105 VAT kopii dokument\u00f3w przewozowych potwierdzonych za zgodno\u015b\u0107 z orygina\u0142em tj. zlecenia oraz podpisanego przez odbiorc\u0119 egzemplarza listu przewozowego zawieraj\u0105cego co najmniej dane okre\u015blone w art. 38 ust. 2 pkt 1) &#8211; 4) ustawy z dnia 15 listopada 1984 r. &#8211; Prawo przewozowe (Dz.U.00.50.601 z p\u00f3\u017an.zm.), a w przypadku przewozu regulowanego przepisami konwencji o umowie mi\u0119dzynarodowego przewozu drogowego towar\u00f3w (CMR) z dnia 19 maja 1956 r. (Dz.U.62.49.238 z p\u00f3\u017an.zm.)- listu przewozowego zawieraj\u0105cego co najmniej dane okre\u015blone w art. 6 ust. 1 pkt a) &#8211; k) tej Konwencji, a poza tym w razie potrzeby dane okre\u015blone w art. 6 ust. 2 tej Konwencji,<\/p>\n<p>c\/ w przypadku zg\u0142oszenia przez odbiorc\u0119 reklamacji co do stanu \u0142adunku, zap\u0142ata wynagrodzenia nast\u0105pi po zako\u0144czeniu post\u0119powania reklamacyjnego.<\/p>\n<p>3. Zleceniobiorca przyjmuje do wiadomo\u015bci, \u017ce faktura VAT nie spe\u0142niaj\u0105ca wymaga\u0144 okre\u015blonych ust. 2 a\/ nie b\u0119dzie realizowana przez Zleceniodawc\u0119 i zostanie odes\u0142ana bez ksi\u0119gowania.<\/p>\n<p>4. Za dzie\u0144 zap\u0142aty wynagrodzenia uwa\u017ca si\u0119 dzie\u0144 obci\u0105\u017cenia rachunku Zleceniodawcy.<\/p>\n<p>5. Zleceniobiorca zrzeka sie rozszczen wynikajacych z tresci art. 10 ust 1 i 2 ustawy z 8 marca 2013r o terminach zaplaty w transakcjach handlowych, a ktore przysluguja mu wobec Zleceniodawcy z tytulu zdarzen zaistnialych przed dniem zawarcia kazdej umowy, do ktorej maja zastosowanie niniejsze warunki zlecenia.<\/p>\n<p style=\"text-align: center;\"><strong>\u00a7 5.<\/strong><\/p>\n<p>1. Zleceniobiorca zobowi\u0105zany jest do zap\u0142aty Zleceniodawcy kary umownej w nast\u0119puj\u0105cych przypadkach:<\/p>\n<p>a\/ za zw\u0142ok\u0119 w dostarczeniu Zleceniodawcy dokument\u00f3w przewozowych tj. dostarczenie Zleceniodawcy dokument\u00f3w przewozowych w terminie od 10 dni do 14 od dnia wykonania umowy &#8211; kara umowna w wysoko\u015bci 250 z\u0142 lub wyd\u0142u\u017cenie terminu p\u0142atno\u015bci o kolejne 30 dni, a dostarczenie Zleceniodawcy dokument\u00f3w przewozowych po up\u0142ywie 14 &#8211; dni od dnia wykonania umowy &#8211; kara umowna w wysoko\u015bci 250 z\u0142,<\/p>\n<p>b\/ w przypadku nieterminowego za\u0142adunku lub roz\u0142adunku tj. powy\u017cej 8 godzin, je\u017celi za\u0142adunek lub roz\u0142adunek nale\u017cy do obowi\u0105zk\u00f3w Zleceniobiorcy &#8211; kara umowna w wysoko\u015bci 50% wynagrodzenia,<\/p>\n<p>c\/ w przypadku nie podstawienia pod za\u0142adunek przez Zleceniobiorc\u0119 pojazdu we wskazanym miejscu i czasie &#8211; kara umowna w wysoko\u015bci 100 % wynagrodzenia,<\/p>\n<p>d\/ w przypadku naruszenia przez Zleceniobiorc\u0119 \u00a7 3 ust. 11 umowy- kara umowna w wysoko\u015bci 50.000 z\u0142otych (s\u0142ownie: pi\u0119\u0107dziesi\u0105t tysi\u0119cy z\u0142otych),<\/p>\n<p>e\/ w przypadku utraty, ubytku lub uszkodzenia przesy\u0142ki &#8211; kara umowna odpowiadaj\u0105ca warto\u015bci odszkodowania, wynagrodzenia i innych koszt\u00f3w zwi\u0105zanych z przewozem przesy\u0142ki,<\/p>\n<p>f\/ w przypadku powstania szkody innej ni\u017c w przesy\u0142ce w skutek zw\u0142oki w przewozie &#8211; kara umowna w wysoko\u015bci 200% wynagrodzenia,<\/p>\n<p>g\/ w przypadku odst\u0105pienia od umowy przez Zleceniobiorc\u0119 lub Zleceniodawc\u0119 z przyczyn le\u017c\u0105cych po stronie Zleceniobiorcy &#8211; kara umowna w wysoko\u015bci 100% wynagrodzenia,<\/p>\n<p>2. Zleceniodawca mo\u017ce dochodzi\u0107 na zasadach og\u00f3lnych odszkodowania przewy\u017cszaj\u0105cego wysoko\u015b\u0107 kar umownych.<\/p>\n<p>3. Zleceniobiorca upowa\u017cnia Zleceniodawc\u0119 do potr\u0105cania naliczonych kar umownych z wynagrodzenia Zleceniobiorcy.<\/p>\n<p style=\"text-align: center;\"><strong>\u00a7 6.<\/strong><\/p>\n<p>Zmiana niniejszej umowy wymaga formy pisemnej pod rygorem niewa\u017cno\u015bci.<\/p>\n<p style=\"text-align: center;\"><strong>\u00a7 7.<\/strong><\/p>\n<p>Wszelkie spory wynikaj\u0105ce z niniejszej umowy rozstrzyga\u0142 b\u0119dzie S\u0105d miejscowo w\u0142a\u015bciwy dla siedziby Zleceniodawcy.<\/p>\n<p style=\"text-align: center;\"><strong>\u00a7 8.<\/strong><\/p>\n<p>Warunki zlecenia uznajemy za przyj\u0119te w momencie wys\u0142ania zlecenia transportowego drog\u0105 elektroniczn\u0105 na wskazany adres mailowy.<\/p>\n<p>[\/et_pb_text][\/et_pb_column][\/et_pb_row][\/et_pb_section]<\/p>","protected":false},"excerpt":{"rendered":"<p>\u00a7 1 Niniejszym zleceniem Zleceniodawca zleca, a Zleceniobiorca zobowi\u0105zuje si\u0119 do wykonywania na rzecz Zleceniodawcy us\u0142ug opisanych na wst\u0119pie zlecenia zwanych dalej ,,us\u0142ugami\u201d. \u00a7 2 1. Zleceniodawca nie ponosi odpowiedzialno\u015bci za szkod\u0119 powsta\u0142\u0105 w skutek op\u00f3\u017anienia w za\u0142adunku lub roz\u0142adunku towaru, je\u017celi czas op\u00f3\u017anienia nie przekracza 48 godzin oraz zaczas op\u00f3\u017anienia przypadaj\u0105cy w dni uznane [&hellip;]<\/p>","protected":false},"author":2,"featured_media":0,"parent":0,"menu_order":0,"comment_status":"closed","ping_status":"closed","template":"","meta":{"_et_pb_use_builder":"on","_et_pb_old_content":"","_et_gb_content_width":"","footnotes":""},"class_list":["post-100822","page","type-page","status-publish","hentry"],"_links":{"self":[{"href":"https:\/\/inter-log.pl\/en\/wp-json\/wp\/v2\/pages\/100822","targetHints":{"allow":["GET"]}}],"collection":[{"href":"https:\/\/inter-log.pl\/en\/wp-json\/wp\/v2\/pages"}],"about":[{"href":"https:\/\/inter-log.pl\/en\/wp-json\/wp\/v2\/types\/page"}],"author":[{"embeddable":true,"href":"https:\/\/inter-log.pl\/en\/wp-json\/wp\/v2\/users\/2"}],"replies":[{"embeddable":true,"href":"https:\/\/inter-log.pl\/en\/wp-json\/wp\/v2\/comments?post=100822"}],"version-history":[{"count":5,"href":"https:\/\/inter-log.pl\/en\/wp-json\/wp\/v2\/pages\/100822\/revisions"}],"predecessor-version":[{"id":100883,"href":"https:\/\/inter-log.pl\/en\/wp-json\/wp\/v2\/pages\/100822\/revisions\/100883"}],"wp:attachment":[{"href":"https:\/\/inter-log.pl\/en\/wp-json\/wp\/v2\/media?parent=100822"}],"curies":[{"name":"wp","href":"https:\/\/api.w.org\/{rel}","templated":true}]}}